{"id":41,"date":"2026-01-25T20:02:18","date_gmt":"2026-01-25T20:02:18","guid":{"rendered":"https:\/\/kirjaseppa.fi\/?page_id=41"},"modified":"2026-01-25T22:16:03","modified_gmt":"2026-01-25T22:16:03","slug":"41-2","status":"publish","type":"page","link":"https:\/\/kirjaseppa.fi\/","title":{"rendered":""},"content":{"rendered":"\n<div class=\"wp-block-query is-layout-flow wp-block-query-is-layout-flow\"><ul class=\"wp-block-post-template is-layout-flow wp-block-post-template-is-layout-flow\"><li class=\"wp-block-post post-28 post type-post status-publish format-standard hentry category-uncategorized\">\n\n<div class=\"wp-block-columns alignwide is-layout-flex wp-container-core-columns-is-layout-28f84493 wp-block-columns-is-layout-flex\">\n<div class=\"wp-block-column is-layout-flow wp-block-column-is-layout-flow\" style=\"flex-basis:66.66%\">\n<div class=\"wp-block-query is-layout-flow wp-block-query-is-layout-flow\"><ul class=\"wp-block-post-template is-layout-flow wp-block-post-template-is-layout-flow\"><li class=\"wp-block-post post-28 post type-post status-publish format-standard hentry category-uncategorized\">\n\n<hr class=\"wp-block-separator has-css-opacity\"\/>\n\n<\/li><\/ul><\/div>\n\n\n<h2 class=\"has-text-align-center wp-block-post-title\"><a href=\"https:\/\/kirjaseppa.fi\/index.php\/2026\/01\/10\/tarina-kirjan-kirjoittamisesta-2026-m-a-seppanen\/\" target=\"_self\" >Tarina kirjan kirjoittamisesta 2026 \/ M.A Sepp\u00e4nen<\/a><\/h2>\n\n\n<div class=\"wp-block-query is-layout-flow wp-block-query-is-layout-flow\"><ul class=\"wp-block-post-template is-layout-flow wp-block-post-template-is-layout-flow\"><li class=\"wp-block-post post-28 post type-post status-publish format-standard hentry category-uncategorized\">\n<div class=\"has-text-align-center wp-block-post-excerpt\"><p class=\"wp-block-post-excerpt__excerpt\">Olet l\u00e4hteill\u00e4. Esikoisen kirjoittamisen tarinaa seuraamassa. Siihen osallistumassa. Saat tassunkuvasi kirjaani? Keskustelut meilill\u00e4, kommentit alle. Kiitos. M.A Sepp\u00e4nenkirjasepp\u00e4 ja paljon muutaseppanenoulun\u00c4Tgmail.com Paras tapa saada selville,voiko johonkuhun luottaa,on luottaa h\u00e4neen.-Ernest Hemingway <\/p><\/div>\n\n\n<hr class=\"wp-block-separator has-css-opacity\"\/>\n\n\n\n<figure class=\"wp-block-image aligncenter size-full is-resized\"><img loading=\"lazy\" decoding=\"async\" width=\"814\" height=\"844\" src=\"https:\/\/kirjaseppa.fi\/wp-content\/uploads\/2026\/01\/IMG-20251226-WA0029-1-2.jpg\" alt=\"\" class=\"wp-image-50\" style=\"aspect-ratio:0.9644597104903438;width:130px;height:auto\" srcset=\"https:\/\/kirjaseppa.fi\/wp-content\/uploads\/2026\/01\/IMG-20251226-WA0029-1-2.jpg 814w, https:\/\/kirjaseppa.fi\/wp-content\/uploads\/2026\/01\/IMG-20251226-WA0029-1-2-289x300.jpg 289w, https:\/\/kirjaseppa.fi\/wp-content\/uploads\/2026\/01\/IMG-20251226-WA0029-1-2-768x796.jpg 768w\" sizes=\"auto, (max-width: 814px) 100vw, 814px\" \/><\/figure>\n\n<\/li><\/ul><\/div>\n<\/div>\n<\/div>\n\n<\/li><\/ul><\/div>\n\n\n\n<div class=\"wp-block-comments\"><h2 id=\"comments\" class=\"wp-block-comments-title\">Yksi vastaus artikkeliin &#8220;&#8221;<\/h2>\n\n<ol class=\"wp-block-comment-template\"><li id=\"comment-3\" class=\"comment even thread-even depth-1\">\n\n<div class=\"wp-block-columns is-layout-flex wp-container-core-columns-is-layout-28f84493 wp-block-columns-is-layout-flex\">\n<div class=\"wp-block-column is-layout-flow wp-block-column-is-layout-flow\" style=\"flex-basis:40px\"><div class=\"wp-block-avatar\"><img alt='Mika Sepp\u00e4nen avatar' src='https:\/\/secure.gravatar.com\/avatar\/a8542d4ceeba6010834b747b0cd72edbabf286cf78b7be4e28ebf1e9c7107977?s=40&#038;d=mm&#038;r=g' srcset='https:\/\/secure.gravatar.com\/avatar\/a8542d4ceeba6010834b747b0cd72edbabf286cf78b7be4e28ebf1e9c7107977?s=80&#038;d=mm&#038;r=g 2x' class='avatar avatar-40 photo wp-block-avatar__image' height='40' width='40'  style=\"border-radius:20px;\"\/><\/div><\/div>\n\n\n\n<div class=\"wp-block-column is-layout-flow wp-block-column-is-layout-flow\"><div class=\"wp-block-comment-author-name has-small-font-size\">Mika Sepp\u00e4nen<\/div>\n\n\n<div class=\"wp-block-group is-layout-flex wp-block-group-is-layout-flex\" style=\"margin-top:0px;margin-bottom:0px\"><div class=\"wp-block-comment-date has-small-font-size\"><time datetime=\"2026-01-25T23:04:30+00:00\"><a href=\"https:\/\/kirjaseppa.fi\/#comment-3\">25 tammikuun, 2026<\/a><\/time><\/div>\n\n<\/div>\n\n\n<div class=\"wp-block-comment-content\"><p>Testiveikkonen<\/p>\n<\/div>\n\n<div class=\"wp-block-comment-reply-link has-small-font-size\"><a rel=\"nofollow\" class=\"comment-reply-link\" href=\"https:\/\/kirjaseppa.fi\/?replytocom=3#respond\" data-commentid=\"3\" data-postid=\"41\" data-belowelement=\"comment-3\" data-respondelement=\"respond\" data-replyto=\"Vastaa kommenttiin Mika Sepp\u00e4nen\" aria-label=\"Vastaa kommenttiin Mika Sepp\u00e4nen\">Vastaa<\/a><\/div><\/div>\n<\/div>\n\n<\/li><\/ol>\n\n\n\n\t<div id=\"respond\" class=\"comment-respond wp-block-post-comments-form\">\n\t\t<h3 id=\"reply-title\" class=\"comment-reply-title\">Vastaa <small><a rel=\"nofollow\" id=\"cancel-comment-reply-link\" href=\"\/index.php\/wp-json\/wp\/v2\/pages\/41#respond\" style=\"display:none;\">Peruuta vastaus<\/a><\/small><\/h3><form action=\"https:\/\/kirjaseppa.fi\/wp-comments-post.php\" method=\"post\" id=\"commentform\" class=\"comment-form\"><p class=\"comment-notes\"><span id=\"email-notes\">S\u00e4hk\u00f6postiosoitettasi ei julkaista.<\/span> <span class=\"required-field-message\">Pakolliset kent\u00e4t on merkitty <span class=\"required\">*<\/span><\/span><\/p><p class=\"comment-form-comment\"><label for=\"comment\">Kommentti <span class=\"required\">*<\/span><\/label> <textarea id=\"comment\" name=\"comment\" cols=\"45\" rows=\"8\" maxlength=\"65525\" required><\/textarea><\/p><p class=\"comment-form-author\"><label for=\"author\">Nimi <span class=\"required\">*<\/span><\/label> <input id=\"author\" name=\"author\" type=\"text\" value=\"\" size=\"30\" maxlength=\"245\" autocomplete=\"name\" required \/><\/p>\n<p class=\"comment-form-email\"><label for=\"email\">S\u00e4hk\u00f6postiosoite <span class=\"required\">*<\/span><\/label> <input id=\"email\" name=\"email\" type=\"email\" value=\"\" size=\"30\" maxlength=\"100\" aria-describedby=\"email-notes\" autocomplete=\"email\" required \/><\/p>\n<p class=\"comment-form-url\"><label for=\"url\">Verkkosivusto<\/label> <input id=\"url\" name=\"url\" type=\"url\" value=\"\" size=\"30\" maxlength=\"200\" autocomplete=\"url\" \/><\/p>\n<p class=\"comment-form-cookies-consent\"><input id=\"wp-comment-cookies-consent\" name=\"wp-comment-cookies-consent\" type=\"checkbox\" value=\"yes\" \/> <label for=\"wp-comment-cookies-consent\">Tallenna nimeni, s\u00e4hk\u00f6postiosoitteeni ja sivustoni t\u00e4h\u00e4n selaimeen seuraavaa kommentointikertaa varten.<\/label><\/p>\n<p class=\"form-submit wp-block-button\"><input name=\"submit\" type=\"submit\" id=\"submit\" class=\"wp-block-button__link wp-element-button\" value=\"L\u00e4het\u00e4 kommentti\" \/> <input type='hidden' name='comment_post_ID' value='41' id='comment_post_ID' \/>\n<input type='hidden' name='comment_parent' id='comment_parent' value='0' \/>\n<\/p><\/form>\t<\/div><!-- #respond -->\n\t<\/div>\n","protected":false},"excerpt":{"rendered":"","protected":false},"author":1,"featured_media":0,"parent":0,"menu_order":0,"comment_status":"open","ping_status":"closed","template":"","meta":{"footnotes":""},"class_list":["post-41","page","type-page","status-publish","hentry"],"_links":{"self":[{"href":"https:\/\/kirjaseppa.fi\/index.php\/wp-json\/wp\/v2\/pages\/41","targetHints":{"allow":["GET"]}}],"collection":[{"href":"https:\/\/kirjaseppa.fi\/index.php\/wp-json\/wp\/v2\/pages"}],"about":[{"href":"https:\/\/kirjaseppa.fi\/index.php\/wp-json\/wp\/v2\/types\/page"}],"author":[{"embeddable":true,"href":"https:\/\/kirjaseppa.fi\/index.php\/wp-json\/wp\/v2\/users\/1"}],"replies":[{"embeddable":true,"href":"https:\/\/kirjaseppa.fi\/index.php\/wp-json\/wp\/v2\/comments?post=41"}],"version-history":[{"count":5,"href":"https:\/\/kirjaseppa.fi\/index.php\/wp-json\/wp\/v2\/pages\/41\/revisions"}],"predecessor-version":[{"id":74,"href":"https:\/\/kirjaseppa.fi\/index.php\/wp-json\/wp\/v2\/pages\/41\/revisions\/74"}],"wp:attachment":[{"href":"https:\/\/kirjaseppa.fi\/index.php\/wp-json\/wp\/v2\/media?parent=41"}],"curies":[{"name":"wp","href":"https:\/\/api.w.org\/{rel}","templated":true}]}}